{"id":135,"date":"2025-06-05T00:16:36","date_gmt":"2025-06-05T08:16:36","guid":{"rendered":"https:\/\/lightlifter.com\/?post_type=product&#038;p=135"},"modified":"2026-01-18T21:40:23","modified_gmt":"2026-01-19T05:40:23","slug":"he-thong-nang-ha-den-tran-tu-dong-ban-buon-thiet-bi-nang-ha-den-dieu-khien-tu-xa","status":"publish","type":"product","link":"https:\/\/lightlifter.com\/vi\/product\/he-thong-nang-ha-den-tran-tu-dong-ban-buon-thiet-bi-nang-ha-den-dieu-khien-tu-xa\/","title":{"rendered":"H\u1ec7 th\u1ed1ng n\u00e2ng h\u1ea1 \u0111\u00e8n tr\u1ea7n t\u1ef1 \u0111\u1ed9ng b\u00e1n s\u1ec9, h\u1ec7 th\u1ed1ng n\u00e2ng h\u1ea1 \u0111\u00e8n \u0111i\u1ec1u khi\u1ec3n t\u1eeb xa."},"content":{"rendered":"","protected":false},"excerpt":{"rendered":"<p>M\u00e3 s\u1ea3n ph\u1ea9m: FSP15M-05<\/p>\n<p>\u0110i\u1ec7n \u00e1p: 220V\/50HZ<\/p>\n<p>Chi\u1ec1u cao n\u00e2ng: 15 m\u00e9t<\/p>\n<p>Kh\u1ea3 n\u0103ng ch\u1ecbu t\u1ea3i: 2-5kg<\/p>\n<p>T\u1ed1c \u0111\u1ed9 n\u00e2ng: 3m\/ph\u00fat<\/p>\n<p>Chu\u1ea9n IP: IP55<\/p>\n<p>V\u1eadt li\u1ec7u v\u1ecf: Kim lo\u1ea1i<\/p>\n<p>K\u00edch th\u01b0\u1edbc: 160mm x 350mm<\/p>","protected":false},"featured_media":1373,"template":"","meta":{"_acf_changed":false},"product_brand":[],"product_cat":[23],"product_tag":[],"class_list":{"0":"post-135","1":"product","2":"type-product","3":"status-publish","4":"has-post-thumbnail","6":"product_cat-lighting-lifter","8":"first","9":"instock","10":"shipping-taxable","11":"product-type-simple"},"acf":[],"yoast_head":"<!-- This site is optimized with the Yoast SEO plugin v27.4 - https:\/\/yoast.com\/product\/yoast-seo-wordpress\/ -->\n<title>Wholesale Automatic Ceiling Light Lift System Remote Lighting Lifter<\/title>\n<meta name=\"robots\" content=\"index, follow, max-snippet:-1, max-image-preview:large, max-video-preview:-1\" \/>\n<link rel=\"canonical\" href=\"https:\/\/lightlifter.com\/vi\/product\/he-thong-nang-ha-den-tran-tu-dong-ban-buon-thiet-bi-nang-ha-den-dieu-khien-tu-xa\/\" \/>\n<meta property=\"og:locale\" content=\"vi_VN\" \/>\n<meta property=\"og:type\" content=\"article\" \/>\n<meta property=\"og:title\" content=\"Wholesale Automatic Ceiling Light Lift System Remote Lighting Lifter\" \/>\n<meta property=\"og:description\" content=\"Model: FSP15M-05  Voltage: 220V\/50HZ  Lifting Height: 15M  Weight Capacity: 2-5kg  Lifting Speed: 3m\/min  IP Grade: IP55  Housing Material: Metal  Size: 160MMx350MM\" \/>\n<meta property=\"og:url\" content=\"https:\/\/lightlifter.com\/vi\/product\/he-thong-nang-ha-den-tran-tu-dong-ban-buon-thiet-bi-nang-ha-den-dieu-khien-tu-xa\/\" \/>\n<meta property=\"og:site_name\" content=\"AMZHO\" \/>\n<meta property=\"article:modified_time\" content=\"2026-01-19T05:40:23+00:00\" \/>\n<meta property=\"og:image\" content=\"https:\/\/lightlifter.com\/wp-content\/uploads\/2025\/06\/lighting-lifter31.webp\" \/>\n\t<meta property=\"og:image:width\" content=\"700\" \/>\n\t<meta property=\"og:image:height\" content=\"700\" \/>\n\t<meta property=\"og:image:type\" content=\"image\/webp\" \/>\n<meta name=\"twitter:card\" content=\"summary_large_image\" \/>\n<meta name=\"twitter:label1\" content=\"\u01af\u1edbc t\u00ednh th\u1eddi gian \u0111\u1ecdc\" \/>\n\t<meta name=\"twitter:data1\" content=\"1 ph\u00fat\" \/>\n<script type=\"application\/ld+json\" class=\"yoast-schema-graph\">{\"@context\":\"https:\\\/\\\/schema.org\",\"@graph\":[{\"@type\":\"WebPage\",\"@id\":\"https:\\\/\\\/lightlifter.com\\\/product\\\/wholesale-automatic-ceiling-light-lift-system-remote-lighting-lifter\\\/\",\"url\":\"https:\\\/\\\/lightlifter.com\\\/product\\\/wholesale-automatic-ceiling-light-lift-system-remote-lighting-lifter\\\/\",\"name\":\"Wholesale Automatic Ceiling Light Lift System Remote Lighting Lifter\",\"isPartOf\":{\"@id\":\"https:\\\/\\\/lightlifter.com\\\/#website\"},\"primaryImageOfPage\":{\"@id\":\"https:\\\/\\\/lightlifter.com\\\/product\\\/wholesale-automatic-ceiling-light-lift-system-remote-lighting-lifter\\\/#primaryimage\"},\"image\":{\"@id\":\"https:\\\/\\\/lightlifter.com\\\/product\\\/wholesale-automatic-ceiling-light-lift-system-remote-lighting-lifter\\\/#primaryimage\"},\"thumbnailUrl\":\"https:\\\/\\\/lightlifter.com\\\/wp-content\\\/uploads\\\/2025\\\/06\\\/lighting-lifter31.webp\",\"datePublished\":\"2025-06-05T08:16:36+00:00\",\"dateModified\":\"2026-01-19T05:40:23+00:00\",\"breadcrumb\":{\"@id\":\"https:\\\/\\\/lightlifter.com\\\/product\\\/wholesale-automatic-ceiling-light-lift-system-remote-lighting-lifter\\\/#breadcrumb\"},\"inLanguage\":\"vi\",\"potentialAction\":[{\"@type\":\"ReadAction\",\"target\":[\"https:\\\/\\\/lightlifter.com\\\/product\\\/wholesale-automatic-ceiling-light-lift-system-remote-lighting-lifter\\\/\"]}]},{\"@type\":\"ImageObject\",\"inLanguage\":\"vi\",\"@id\":\"https:\\\/\\\/lightlifter.com\\\/product\\\/wholesale-automatic-ceiling-light-lift-system-remote-lighting-lifter\\\/#primaryimage\",\"url\":\"https:\\\/\\\/lightlifter.com\\\/wp-content\\\/uploads\\\/2025\\\/06\\\/lighting-lifter31.webp\",\"contentUrl\":\"https:\\\/\\\/lightlifter.com\\\/wp-content\\\/uploads\\\/2025\\\/06\\\/lighting-lifter31.webp\",\"width\":700,\"height\":700,\"caption\":\"lighting lifter(31)\"},{\"@type\":\"BreadcrumbList\",\"@id\":\"https:\\\/\\\/lightlifter.com\\\/product\\\/wholesale-automatic-ceiling-light-lift-system-remote-lighting-lifter\\\/#breadcrumb\",\"itemListElement\":[{\"@type\":\"ListItem\",\"position\":1,\"name\":\"Home\",\"item\":\"https:\\\/\\\/lightlifter.com\\\/\"},{\"@type\":\"ListItem\",\"position\":2,\"name\":\"Shop\",\"item\":\"https:\\\/\\\/lightlifter.com\\\/shop\\\/\"},{\"@type\":\"ListItem\",\"position\":3,\"name\":\"Wholesale Automatic Ceiling Light Lift System Remote Lighting Lifter\"}]},{\"@type\":\"WebSite\",\"@id\":\"https:\\\/\\\/lightlifter.com\\\/#website\",\"url\":\"https:\\\/\\\/lightlifter.com\\\/\",\"name\":\"AMZHO\",\"description\":\"Professional Lighting Lift System Manufacturer\",\"potentialAction\":[{\"@type\":\"SearchAction\",\"target\":{\"@type\":\"EntryPoint\",\"urlTemplate\":\"https:\\\/\\\/lightlifter.com\\\/?s={search_term_string}\"},\"query-input\":{\"@type\":\"PropertyValueSpecification\",\"valueRequired\":true,\"valueName\":\"search_term_string\"}}],\"inLanguage\":\"vi\"}]}<\/script>\n<!-- \/ Yoast SEO plugin. -->","yoast_head_json":{"title":"H\u1ec7 th\u1ed1ng n\u00e2ng h\u1ea1 \u0111\u00e8n tr\u1ea7n t\u1ef1 \u0111\u1ed9ng b\u00e1n s\u1ec9, h\u1ec7 th\u1ed1ng n\u00e2ng h\u1ea1 \u0111\u00e8n \u0111i\u1ec1u khi\u1ec3n t\u1eeb xa.","robots":{"index":"index","follow":"follow","max-snippet":"max-snippet:-1","max-image-preview":"max-image-preview:large","max-video-preview":"max-video-preview:-1"},"canonical":"https:\/\/lightlifter.com\/vi\/product\/he-thong-nang-ha-den-tran-tu-dong-ban-buon-thiet-bi-nang-ha-den-dieu-khien-tu-xa\/","og_locale":"vi_VN","og_type":"article","og_title":"Wholesale Automatic Ceiling Light Lift System Remote Lighting Lifter","og_description":"Model: FSP15M-05  Voltage: 220V\/50HZ  Lifting Height: 15M  Weight Capacity: 2-5kg  Lifting Speed: 3m\/min  IP Grade: IP55  Housing Material: Metal  Size: 160MMx350MM","og_url":"https:\/\/lightlifter.com\/vi\/product\/he-thong-nang-ha-den-tran-tu-dong-ban-buon-thiet-bi-nang-ha-den-dieu-khien-tu-xa\/","og_site_name":"AMZHO","article_modified_time":"2026-01-19T05:40:23+00:00","og_image":[{"width":700,"height":700,"url":"https:\/\/lightlifter.com\/wp-content\/uploads\/2025\/06\/lighting-lifter31.webp","type":"image\/webp"}],"twitter_card":"summary_large_image","twitter_misc":{"\u01af\u1edbc t\u00ednh th\u1eddi gian \u0111\u1ecdc":"1 ph\u00fat"},"schema":{"@context":"https:\/\/schema.org","@graph":[{"@type":"WebPage","@id":"https:\/\/lightlifter.com\/product\/wholesale-automatic-ceiling-light-lift-system-remote-lighting-lifter\/","url":"https:\/\/lightlifter.com\/product\/wholesale-automatic-ceiling-light-lift-system-remote-lighting-lifter\/","name":"H\u1ec7 th\u1ed1ng n\u00e2ng h\u1ea1 \u0111\u00e8n tr\u1ea7n t\u1ef1 \u0111\u1ed9ng b\u00e1n s\u1ec9, h\u1ec7 th\u1ed1ng n\u00e2ng h\u1ea1 \u0111\u00e8n \u0111i\u1ec1u khi\u1ec3n t\u1eeb xa.","isPartOf":{"@id":"https:\/\/lightlifter.com\/#website"},"primaryImageOfPage":{"@id":"https:\/\/lightlifter.com\/product\/wholesale-automatic-ceiling-light-lift-system-remote-lighting-lifter\/#primaryimage"},"image":{"@id":"https:\/\/lightlifter.com\/product\/wholesale-automatic-ceiling-light-lift-system-remote-lighting-lifter\/#primaryimage"},"thumbnailUrl":"https:\/\/lightlifter.com\/wp-content\/uploads\/2025\/06\/lighting-lifter31.webp","datePublished":"2025-06-05T08:16:36+00:00","dateModified":"2026-01-19T05:40:23+00:00","breadcrumb":{"@id":"https:\/\/lightlifter.com\/product\/wholesale-automatic-ceiling-light-lift-system-remote-lighting-lifter\/#breadcrumb"},"inLanguage":"vi","potentialAction":[{"@type":"ReadAction","target":["https:\/\/lightlifter.com\/product\/wholesale-automatic-ceiling-light-lift-system-remote-lighting-lifter\/"]}]},{"@type":"ImageObject","inLanguage":"vi","@id":"https:\/\/lightlifter.com\/product\/wholesale-automatic-ceiling-light-lift-system-remote-lighting-lifter\/#primaryimage","url":"https:\/\/lightlifter.com\/wp-content\/uploads\/2025\/06\/lighting-lifter31.webp","contentUrl":"https:\/\/lightlifter.com\/wp-content\/uploads\/2025\/06\/lighting-lifter31.webp","width":700,"height":700,"caption":"lighting lifter(31)"},{"@type":"BreadcrumbList","@id":"https:\/\/lightlifter.com\/product\/wholesale-automatic-ceiling-light-lift-system-remote-lighting-lifter\/#breadcrumb","itemListElement":[{"@type":"ListItem","position":1,"name":"Home","item":"https:\/\/lightlifter.com\/"},{"@type":"ListItem","position":2,"name":"Shop","item":"https:\/\/lightlifter.com\/shop\/"},{"@type":"ListItem","position":3,"name":"Wholesale Automatic Ceiling Light Lift System Remote Lighting Lifter"}]},{"@type":"WebSite","@id":"https:\/\/lightlifter.com\/#website","url":"https:\/\/lightlifter.com\/","name":"AMZHO","description":"Nh\u00e0 s\u1ea3n xu\u1ea5t h\u1ec7 th\u1ed1ng thang m\u00e1y chi\u1ebfu s\u00e1ng chuy\u00ean nghi\u1ec7p","potentialAction":[{"@type":"SearchAction","target":{"@type":"EntryPoint","urlTemplate":"https:\/\/lightlifter.com\/?s={search_term_string}"},"query-input":{"@type":"PropertyValueSpecification","valueRequired":true,"valueName":"search_term_string"}}],"inLanguage":"vi"}]}},"_links":{"self":[{"href":"https:\/\/lightlifter.com\/vi\/wp-json\/wp\/v2\/product\/135","targetHints":{"allow":["GET"]}}],"collection":[{"href":"https:\/\/lightlifter.com\/vi\/wp-json\/wp\/v2\/product"}],"about":[{"href":"https:\/\/lightlifter.com\/vi\/wp-json\/wp\/v2\/types\/product"}],"wp:featuredmedia":[{"embeddable":true,"href":"https:\/\/lightlifter.com\/vi\/wp-json\/wp\/v2\/media\/1373"}],"wp:attachment":[{"href":"https:\/\/lightlifter.com\/vi\/wp-json\/wp\/v2\/media?parent=135"}],"wp:term":[{"taxonomy":"product_brand","embeddable":true,"href":"https:\/\/lightlifter.com\/vi\/wp-json\/wp\/v2\/product_brand?post=135"},{"taxonomy":"product_cat","embeddable":true,"href":"https:\/\/lightlifter.com\/vi\/wp-json\/wp\/v2\/product_cat?post=135"},{"taxonomy":"product_tag","embeddable":true,"href":"https:\/\/lightlifter.com\/vi\/wp-json\/wp\/v2\/product_tag?post=135"}],"curies":[{"name":"wp","href":"https:\/\/api.w.org\/{rel}","templated":true}]}}