{"id":841,"date":"2025-09-21T23:09:01","date_gmt":"2025-09-22T07:09:01","guid":{"rendered":"https:\/\/lightlifter.com\/?post_type=product&#038;p=841"},"modified":"2026-04-26T18:37:12","modified_gmt":"2026-04-27T02:37:12","slug":"uzaktan-kumandali-elektrikli-motorlu-avize-kaldirma-mekanizmasi","status":"publish","type":"product","link":"https:\/\/lightlifter.com\/tr\/product\/uzaktan-kumandali-elektrikli-motorlu-avize-kaldirma-mekanizmasi\/","title":{"rendered":"Uzaktan Kumandal\u0131 Elektrikli Motorlu Avize Kald\u0131r\u0131c\u0131"},"content":{"rendered":"<table style=\"border-collapse: collapse; width: 573.77pt;\" border=\"0\" width=\"765\" cellspacing=\"0\" cellpadding=\"0\">\n<tbody>\n<tr style=\"height: 22.50pt;\">\n<td class=\"et2\" style=\"height: 22.50pt; width: 106.05pt;\" width=\"141\" height=\"30\">Model<\/td>\n<td class=\"et2\" style=\"width: 108.05pt;\" width=\"144\">XJ50<\/td>\n<td class=\"et2\" style=\"width: 108.05pt;\" width=\"144\">XJ100<\/td>\n<td class=\"et2\" style=\"width: 126.05pt;\" width=\"168\">XJ150<\/td>\n<td class=\"et2\" style=\"width: 126.05pt;\" width=\"168\">XJ250<\/td>\n<\/tr>\n<tr style=\"height: 22.50pt;\">\n<td class=\"et2\" style=\"height: 22.50pt; width: 106.05pt;\" width=\"141\" height=\"30\">Boyut<\/td>\n<td class=\"et2\" style=\"width: 108.05pt;\" width=\"144\">37,4\u00d737,4\u00d79,5 cm<\/td>\n<td class=\"et2\" style=\"width: 108.05pt;\" width=\"144\">37,4\u00d737,4\u00d79,5 cm<\/td>\n<td class=\"et2\" style=\"width: 126.05pt;\" width=\"168\">37,4\u00d737,4\u00d710,8 cm<\/td>\n<td class=\"et2\" style=\"width: 126.05pt;\" width=\"168\">37,4\u00d737,4\u00d713,5 cm<\/td>\n<\/tr>\n<tr style=\"height: 22.50pt;\">\n<td class=\"et2\" style=\"height: 22.50pt; width: 106.05pt;\" width=\"141\" height=\"30\">Net a\u011f\u0131rl\u0131\u011f\u0131<\/td>\n<td class=\"et2\" style=\"width: 108.05pt;\" width=\"144\">12,5 kg<\/td>\n<td class=\"et2\" style=\"width: 108.05pt;\" width=\"144\">13 kg<\/td>\n<td class=\"et2\" style=\"width: 126.05pt;\" width=\"168\">18 kg<\/td>\n<td class=\"et2\" style=\"width: 126.05pt;\" width=\"168\">30 kg<\/td>\n<\/tr>\n<tr style=\"height: 22.50pt;\">\n<td class=\"et2\" style=\"height: 22.50pt; width: 106.05pt;\" width=\"141\" height=\"30\">Y\u00fckleme A\u011f\u0131rl\u0131\u011f\u0131<\/td>\n<td class=\"et2\" style=\"width: 108.05pt;\" width=\"144\">50 kg<\/td>\n<td class=\"et2\" style=\"width: 108.05pt;\" width=\"144\">100 kg<\/td>\n<td class=\"et2\" style=\"width: 126.05pt;\" width=\"168\">150 kg<\/td>\n<td class=\"et2\" style=\"width: 126.05pt;\" width=\"168\">250 kg<\/td>\n<\/tr>\n<tr style=\"height: 22.50pt;\">\n<td class=\"et2\" style=\"height: 22.50pt; width: 106.05pt;\" width=\"141\" height=\"30\">G\u00fc\u00e7<\/td>\n<td class=\"et2\" style=\"width: 108.05pt;\" width=\"144\">120W<\/td>\n<td class=\"et2\" style=\"width: 108.05pt;\" width=\"144\">200W<\/td>\n<td class=\"et2\" style=\"width: 126.05pt;\" width=\"168\">213W<\/td>\n<td class=\"et2\" style=\"width: 126.05pt;\" width=\"168\">430W<\/td>\n<\/tr>\n<tr style=\"height: 22.50pt;\">\n<td class=\"et2\" style=\"height: 22.50pt; width: 106.05pt;\" width=\"141\" height=\"30\">Gerilim<\/td>\n<td class=\"et2\" style=\"width: 108.05pt;\" width=\"144\">AC220V\/110V<\/td>\n<td class=\"et2\" style=\"width: 108.05pt;\" width=\"144\">AC220V\/110V<\/td>\n<td class=\"et2\" style=\"width: 126.05pt;\" width=\"168\">AC220V\/110V<\/td>\n<td class=\"et2\" style=\"width: 126.05pt;\" width=\"168\">AC220V\/110V<\/td>\n<\/tr>\n<tr style=\"height: 22.50pt;\">\n<td class=\"et2\" style=\"height: 22.50pt; width: 106.05pt;\" width=\"141\" height=\"30\">Kald\u0131rma Y\u00fcksekli\u011fi<\/td>\n<td class=\"et2\" style=\"width: 108.05pt;\" width=\"144\">0-7 ay<\/td>\n<td class=\"et2\" style=\"width: 108.05pt;\" width=\"144\">0-7 ay<\/td>\n<td class=\"et2\" style=\"width: 126.05pt;\" width=\"168\">0-7 ay<\/td>\n<td class=\"et2\" style=\"width: 126.05pt;\" width=\"168\">0-7 ay<\/td>\n<\/tr>\n<\/tbody>\n<\/table>","protected":false},"excerpt":{"rendered":"<p>Model: XJ150<\/p>\n<p>Boyut: 37,4\u00d737,4\u00d710,8 cm<\/p>\n<p>Net A\u011f\u0131rl\u0131k: 18 kg<\/p>\n<p>Y\u00fckleme A\u011f\u0131rl\u0131\u011f\u0131: 150 kg<\/p>\n<p>G\u00fc\u00e7: 213W<\/p>\n<p>Voltaj: Kullan\u0131m gereksinimlerinize g\u00f6re \u00f6zelle\u015ftirilebilir.<\/p>\n<p>Kald\u0131rma Y\u00fcksekli\u011fi: 0-7M veya \u00f6zel \u00f6l\u00e7\u00fclerde<\/p>\n<p>Kontrol Y\u00f6ntemi: Kablolu Kontrol veya Uzaktan Kontrol<\/p>","protected":false},"featured_media":842,"template":"","meta":{"_acf_changed":false},"product_brand":[],"product_cat":[24],"product_tag":[],"class_list":{"0":"post-841","1":"product","2":"type-product","3":"status-publish","4":"has-post-thumbnail","6":"product_cat-chandelier-hoist","8":"first","9":"instock","10":"shipping-taxable","11":"product-type-simple"},"acf":[],"yoast_head":"<!-- This site is optimized with the Yoast SEO plugin v27.4 - https:\/\/yoast.com\/product\/yoast-seo-wordpress\/ -->\n<title>Electric Motorized Chandelier Lifter with Remote Control<\/title>\n<meta name=\"robots\" content=\"index, follow, max-snippet:-1, max-image-preview:large, max-video-preview:-1\" \/>\n<link rel=\"canonical\" href=\"https:\/\/lightlifter.com\/tr\/product\/uzaktan-kumandali-elektrikli-motorlu-avize-kaldirma-mekanizmasi\/\" \/>\n<meta property=\"og:locale\" content=\"tr_TR\" \/>\n<meta property=\"og:type\" content=\"article\" \/>\n<meta property=\"og:title\" content=\"Electric Motorized Chandelier Lifter with Remote Control\" \/>\n<meta property=\"og:description\" content=\"Model: XJ150  Size: 37.4x37.4x10.8cm  Net Weight: 18kg  Loading Weight: 150kg  Power: 213W  Voltage: Customized to your usage requirements  Lifting Height: 0-7M or custom  Control Method: Wired Control or Remote Control\" \/>\n<meta property=\"og:url\" content=\"https:\/\/lightlifter.com\/tr\/product\/uzaktan-kumandali-elektrikli-motorlu-avize-kaldirma-mekanizmasi\/\" \/>\n<meta property=\"og:site_name\" content=\"AMZHO\" \/>\n<meta property=\"article:modified_time\" content=\"2026-04-27T02:37:12+00:00\" \/>\n<meta property=\"og:image\" content=\"https:\/\/lightlifter.com\/wp-content\/uploads\/2025\/09\/chandelier-hoist.webp\" \/>\n\t<meta property=\"og:image:width\" content=\"700\" \/>\n\t<meta property=\"og:image:height\" content=\"700\" \/>\n\t<meta property=\"og:image:type\" content=\"image\/webp\" \/>\n<meta name=\"twitter:card\" content=\"summary_large_image\" \/>\n<meta name=\"twitter:label1\" content=\"Tahmini okuma s\u00fcresi\" \/>\n\t<meta name=\"twitter:data1\" content=\"1 dakika\" \/>\n<script type=\"application\/ld+json\" class=\"yoast-schema-graph\">{\"@context\":\"https:\\\/\\\/schema.org\",\"@graph\":[{\"@type\":\"WebPage\",\"@id\":\"https:\\\/\\\/lightlifter.com\\\/product\\\/electric-motorized-chandelier-lifter-with-remote-control\\\/\",\"url\":\"https:\\\/\\\/lightlifter.com\\\/product\\\/electric-motorized-chandelier-lifter-with-remote-control\\\/\",\"name\":\"Electric Motorized Chandelier Lifter with Remote Control\",\"isPartOf\":{\"@id\":\"https:\\\/\\\/lightlifter.com\\\/#website\"},\"primaryImageOfPage\":{\"@id\":\"https:\\\/\\\/lightlifter.com\\\/product\\\/electric-motorized-chandelier-lifter-with-remote-control\\\/#primaryimage\"},\"image\":{\"@id\":\"https:\\\/\\\/lightlifter.com\\\/product\\\/electric-motorized-chandelier-lifter-with-remote-control\\\/#primaryimage\"},\"thumbnailUrl\":\"https:\\\/\\\/lightlifter.com\\\/wp-content\\\/uploads\\\/2025\\\/09\\\/chandelier-hoist.webp\",\"datePublished\":\"2025-09-22T07:09:01+00:00\",\"dateModified\":\"2026-04-27T02:37:12+00:00\",\"breadcrumb\":{\"@id\":\"https:\\\/\\\/lightlifter.com\\\/product\\\/electric-motorized-chandelier-lifter-with-remote-control\\\/#breadcrumb\"},\"inLanguage\":\"tr\",\"potentialAction\":[{\"@type\":\"ReadAction\",\"target\":[\"https:\\\/\\\/lightlifter.com\\\/product\\\/electric-motorized-chandelier-lifter-with-remote-control\\\/\"]}]},{\"@type\":\"ImageObject\",\"inLanguage\":\"tr\",\"@id\":\"https:\\\/\\\/lightlifter.com\\\/product\\\/electric-motorized-chandelier-lifter-with-remote-control\\\/#primaryimage\",\"url\":\"https:\\\/\\\/lightlifter.com\\\/wp-content\\\/uploads\\\/2025\\\/09\\\/chandelier-hoist.webp\",\"contentUrl\":\"https:\\\/\\\/lightlifter.com\\\/wp-content\\\/uploads\\\/2025\\\/09\\\/chandelier-hoist.webp\",\"width\":700,\"height\":700,\"caption\":\"chandelier hoist\"},{\"@type\":\"BreadcrumbList\",\"@id\":\"https:\\\/\\\/lightlifter.com\\\/product\\\/electric-motorized-chandelier-lifter-with-remote-control\\\/#breadcrumb\",\"itemListElement\":[{\"@type\":\"ListItem\",\"position\":1,\"name\":\"Home\",\"item\":\"https:\\\/\\\/lightlifter.com\\\/\"},{\"@type\":\"ListItem\",\"position\":2,\"name\":\"Shop\",\"item\":\"https:\\\/\\\/lightlifter.com\\\/shop\\\/\"},{\"@type\":\"ListItem\",\"position\":3,\"name\":\"Electric Motorized Chandelier Lifter with Remote Control\"}]},{\"@type\":\"WebSite\",\"@id\":\"https:\\\/\\\/lightlifter.com\\\/#website\",\"url\":\"https:\\\/\\\/lightlifter.com\\\/\",\"name\":\"AMZHO\",\"description\":\"Professional Lighting Lift System Manufacturer\",\"potentialAction\":[{\"@type\":\"SearchAction\",\"target\":{\"@type\":\"EntryPoint\",\"urlTemplate\":\"https:\\\/\\\/lightlifter.com\\\/?s={search_term_string}\"},\"query-input\":{\"@type\":\"PropertyValueSpecification\",\"valueRequired\":true,\"valueName\":\"search_term_string\"}}],\"inLanguage\":\"tr\"}]}<\/script>\n<!-- \/ Yoast SEO plugin. -->","yoast_head_json":{"title":"Uzaktan Kumandal\u0131 Elektrikli Motorlu Avize Kald\u0131r\u0131c\u0131","robots":{"index":"index","follow":"follow","max-snippet":"max-snippet:-1","max-image-preview":"max-image-preview:large","max-video-preview":"max-video-preview:-1"},"canonical":"https:\/\/lightlifter.com\/tr\/product\/uzaktan-kumandali-elektrikli-motorlu-avize-kaldirma-mekanizmasi\/","og_locale":"tr_TR","og_type":"article","og_title":"Electric Motorized Chandelier Lifter with Remote Control","og_description":"Model: XJ150  Size: 37.4x37.4x10.8cm  Net Weight: 18kg  Loading Weight: 150kg  Power: 213W  Voltage: Customized to your usage requirements  Lifting Height: 0-7M or custom  Control Method: Wired Control or Remote Control","og_url":"https:\/\/lightlifter.com\/tr\/product\/uzaktan-kumandali-elektrikli-motorlu-avize-kaldirma-mekanizmasi\/","og_site_name":"AMZHO","article_modified_time":"2026-04-27T02:37:12+00:00","og_image":[{"width":700,"height":700,"url":"https:\/\/lightlifter.com\/wp-content\/uploads\/2025\/09\/chandelier-hoist.webp","type":"image\/webp"}],"twitter_card":"summary_large_image","twitter_misc":{"Tahmini okuma s\u00fcresi":"1 dakika"},"schema":{"@context":"https:\/\/schema.org","@graph":[{"@type":"WebPage","@id":"https:\/\/lightlifter.com\/product\/electric-motorized-chandelier-lifter-with-remote-control\/","url":"https:\/\/lightlifter.com\/product\/electric-motorized-chandelier-lifter-with-remote-control\/","name":"Uzaktan Kumandal\u0131 Elektrikli Motorlu Avize Kald\u0131r\u0131c\u0131","isPartOf":{"@id":"https:\/\/lightlifter.com\/#website"},"primaryImageOfPage":{"@id":"https:\/\/lightlifter.com\/product\/electric-motorized-chandelier-lifter-with-remote-control\/#primaryimage"},"image":{"@id":"https:\/\/lightlifter.com\/product\/electric-motorized-chandelier-lifter-with-remote-control\/#primaryimage"},"thumbnailUrl":"https:\/\/lightlifter.com\/wp-content\/uploads\/2025\/09\/chandelier-hoist.webp","datePublished":"2025-09-22T07:09:01+00:00","dateModified":"2026-04-27T02:37:12+00:00","breadcrumb":{"@id":"https:\/\/lightlifter.com\/product\/electric-motorized-chandelier-lifter-with-remote-control\/#breadcrumb"},"inLanguage":"tr","potentialAction":[{"@type":"ReadAction","target":["https:\/\/lightlifter.com\/product\/electric-motorized-chandelier-lifter-with-remote-control\/"]}]},{"@type":"ImageObject","inLanguage":"tr","@id":"https:\/\/lightlifter.com\/product\/electric-motorized-chandelier-lifter-with-remote-control\/#primaryimage","url":"https:\/\/lightlifter.com\/wp-content\/uploads\/2025\/09\/chandelier-hoist.webp","contentUrl":"https:\/\/lightlifter.com\/wp-content\/uploads\/2025\/09\/chandelier-hoist.webp","width":700,"height":700,"caption":"chandelier hoist"},{"@type":"BreadcrumbList","@id":"https:\/\/lightlifter.com\/product\/electric-motorized-chandelier-lifter-with-remote-control\/#breadcrumb","itemListElement":[{"@type":"ListItem","position":1,"name":"Home","item":"https:\/\/lightlifter.com\/"},{"@type":"ListItem","position":2,"name":"Shop","item":"https:\/\/lightlifter.com\/shop\/"},{"@type":"ListItem","position":3,"name":"Electric Motorized Chandelier Lifter with Remote Control"}]},{"@type":"WebSite","@id":"https:\/\/lightlifter.com\/#website","url":"https:\/\/lightlifter.com\/","name":"AMZHO","description":"Profesyonel Ayd\u0131nlatma Kald\u0131rma Sistemi \u00dcreticisi","potentialAction":[{"@type":"SearchAction","target":{"@type":"EntryPoint","urlTemplate":"https:\/\/lightlifter.com\/?s={search_term_string}"},"query-input":{"@type":"PropertyValueSpecification","valueRequired":true,"valueName":"search_term_string"}}],"inLanguage":"tr"}]}},"_links":{"self":[{"href":"https:\/\/lightlifter.com\/tr\/wp-json\/wp\/v2\/product\/841","targetHints":{"allow":["GET"]}}],"collection":[{"href":"https:\/\/lightlifter.com\/tr\/wp-json\/wp\/v2\/product"}],"about":[{"href":"https:\/\/lightlifter.com\/tr\/wp-json\/wp\/v2\/types\/product"}],"wp:featuredmedia":[{"embeddable":true,"href":"https:\/\/lightlifter.com\/tr\/wp-json\/wp\/v2\/media\/842"}],"wp:attachment":[{"href":"https:\/\/lightlifter.com\/tr\/wp-json\/wp\/v2\/media?parent=841"}],"wp:term":[{"taxonomy":"product_brand","embeddable":true,"href":"https:\/\/lightlifter.com\/tr\/wp-json\/wp\/v2\/product_brand?post=841"},{"taxonomy":"product_cat","embeddable":true,"href":"https:\/\/lightlifter.com\/tr\/wp-json\/wp\/v2\/product_cat?post=841"},{"taxonomy":"product_tag","embeddable":true,"href":"https:\/\/lightlifter.com\/tr\/wp-json\/wp\/v2\/product_tag?post=841"}],"curies":[{"name":"wp","href":"https:\/\/api.w.org\/{rel}","templated":true}]}}