{"id":1748,"date":"2026-01-29T19:14:13","date_gmt":"2026-01-30T03:14:13","guid":{"rendered":"https:\/\/lightlifter.com\/?post_type=product&#038;p=1748"},"modified":"2026-01-30T02:28:31","modified_gmt":"2026-01-30T10:28:31","slug":"ozel-motorlu-aydinlatma-kaldirma-sistemi","status":"publish","type":"product","link":"https:\/\/lightlifter.com\/tr\/product\/ozel-motorlu-aydinlatma-kaldirma-sistemi\/","title":{"rendered":"\u00d6zel Motorlu Ayd\u0131nlatma Kald\u0131rma Sistemi"},"content":{"rendered":"<p>AMZHO&#039;nun ayd\u0131nlatma vin\u00e7leri, fenerler ve y\u00fcksek tavan lambalar\u0131 gibi ayd\u0131nlatma armat\u00fcrlerini kald\u0131rmak ve indirmek i\u00e7in \u00f6zel olarak tasarlanm\u0131\u015ft\u0131r. Biz profesyonel bir ayd\u0131nlatma vinci \u00fcreticisiyiz. \u00c7in&#039;in Zhongshan \u015fehrindeki tesislerimizi ziyaret etmenizi bekliyoruz.<\/p>","protected":false},"excerpt":{"rendered":"<p>Model: GK15M-05<\/p>\n<p>Voltaj: 220V\/50Hz<\/p>\n<p>Kald\u0131rma Y\u00fcksekli\u011fi: 15 Metre<\/p>\n<p>Ta\u015f\u0131ma Kapasitesi: 2-5 kg<\/p>\n<p>Kald\u0131rma H\u0131z\u0131: 3 m\/dak<\/p>\n<p>IP S\u0131n\u0131f\u0131: IP55<\/p>\n<p>Kasa Malzemesi: PC<\/p>\n<p>Boyut: 170 mm x 300 mm<\/p>","protected":false},"featured_media":1752,"template":"","meta":{"_acf_changed":false},"product_brand":[],"product_cat":[23],"product_tag":[],"class_list":{"0":"post-1748","1":"product","2":"type-product","3":"status-publish","4":"has-post-thumbnail","6":"product_cat-lighting-lifter","8":"first","9":"instock","10":"shipping-taxable","11":"product-type-simple"},"acf":[],"yoast_head":"<!-- This site is optimized with the Yoast SEO plugin v27.4 - https:\/\/yoast.com\/product\/yoast-seo-wordpress\/ -->\n<title>Custom Motorized Lighting Hoist System<\/title>\n<meta name=\"description\" content=\"AMZHO provides customized lighting hoist services, including adjustable lifting height, control methods, single or double rope options, ensuring stability and safety.\" \/>\n<meta name=\"robots\" content=\"index, follow, max-snippet:-1, max-image-preview:large, max-video-preview:-1\" \/>\n<link rel=\"canonical\" href=\"https:\/\/lightlifter.com\/tr\/product\/ozel-motorlu-aydinlatma-kaldirma-sistemi\/\" \/>\n<meta property=\"og:locale\" content=\"tr_TR\" \/>\n<meta property=\"og:type\" content=\"article\" \/>\n<meta property=\"og:title\" content=\"Custom Motorized Lighting Hoist System\" \/>\n<meta property=\"og:description\" content=\"AMZHO provides customized lighting hoist services, including adjustable lifting height, control methods, single or double rope options, ensuring stability and safety.\" \/>\n<meta property=\"og:url\" content=\"https:\/\/lightlifter.com\/tr\/product\/ozel-motorlu-aydinlatma-kaldirma-sistemi\/\" \/>\n<meta property=\"og:site_name\" content=\"AMZHO\" \/>\n<meta property=\"article:modified_time\" content=\"2026-01-30T10:28:31+00:00\" \/>\n<meta property=\"og:image\" content=\"https:\/\/lightlifter.com\/wp-content\/uploads\/2026\/01\/lighting-hoist.webp\" \/>\n\t<meta property=\"og:image:width\" content=\"700\" \/>\n\t<meta property=\"og:image:height\" content=\"700\" \/>\n\t<meta property=\"og:image:type\" content=\"image\/webp\" \/>\n<meta name=\"twitter:card\" content=\"summary_large_image\" \/>\n<meta name=\"twitter:label1\" content=\"Tahmini okuma s\u00fcresi\" \/>\n\t<meta name=\"twitter:data1\" content=\"1 dakika\" \/>\n<script type=\"application\/ld+json\" class=\"yoast-schema-graph\">{\"@context\":\"https:\\\/\\\/schema.org\",\"@graph\":[{\"@type\":\"WebPage\",\"@id\":\"https:\\\/\\\/lightlifter.com\\\/product\\\/custom-motorized-lighting-hoist-system\\\/\",\"url\":\"https:\\\/\\\/lightlifter.com\\\/product\\\/custom-motorized-lighting-hoist-system\\\/\",\"name\":\"Custom Motorized Lighting Hoist System\",\"isPartOf\":{\"@id\":\"https:\\\/\\\/lightlifter.com\\\/#website\"},\"primaryImageOfPage\":{\"@id\":\"https:\\\/\\\/lightlifter.com\\\/product\\\/custom-motorized-lighting-hoist-system\\\/#primaryimage\"},\"image\":{\"@id\":\"https:\\\/\\\/lightlifter.com\\\/product\\\/custom-motorized-lighting-hoist-system\\\/#primaryimage\"},\"thumbnailUrl\":\"https:\\\/\\\/lightlifter.com\\\/wp-content\\\/uploads\\\/2026\\\/01\\\/lighting-hoist.webp\",\"datePublished\":\"2026-01-30T03:14:13+00:00\",\"dateModified\":\"2026-01-30T10:28:31+00:00\",\"description\":\"AMZHO provides customized lighting hoist services, including adjustable lifting height, control methods, single or double rope options, ensuring stability and safety.\",\"breadcrumb\":{\"@id\":\"https:\\\/\\\/lightlifter.com\\\/product\\\/custom-motorized-lighting-hoist-system\\\/#breadcrumb\"},\"inLanguage\":\"tr\",\"potentialAction\":[{\"@type\":\"ReadAction\",\"target\":[\"https:\\\/\\\/lightlifter.com\\\/product\\\/custom-motorized-lighting-hoist-system\\\/\"]}]},{\"@type\":\"ImageObject\",\"inLanguage\":\"tr\",\"@id\":\"https:\\\/\\\/lightlifter.com\\\/product\\\/custom-motorized-lighting-hoist-system\\\/#primaryimage\",\"url\":\"https:\\\/\\\/lightlifter.com\\\/wp-content\\\/uploads\\\/2026\\\/01\\\/lighting-hoist.webp\",\"contentUrl\":\"https:\\\/\\\/lightlifter.com\\\/wp-content\\\/uploads\\\/2026\\\/01\\\/lighting-hoist.webp\",\"width\":700,\"height\":700,\"caption\":\"lighting hoist\"},{\"@type\":\"BreadcrumbList\",\"@id\":\"https:\\\/\\\/lightlifter.com\\\/product\\\/custom-motorized-lighting-hoist-system\\\/#breadcrumb\",\"itemListElement\":[{\"@type\":\"ListItem\",\"position\":1,\"name\":\"Home\",\"item\":\"https:\\\/\\\/lightlifter.com\\\/\"},{\"@type\":\"ListItem\",\"position\":2,\"name\":\"Shop\",\"item\":\"https:\\\/\\\/lightlifter.com\\\/shop\\\/\"},{\"@type\":\"ListItem\",\"position\":3,\"name\":\"Custom Motorized Lighting Hoist System\"}]},{\"@type\":\"WebSite\",\"@id\":\"https:\\\/\\\/lightlifter.com\\\/#website\",\"url\":\"https:\\\/\\\/lightlifter.com\\\/\",\"name\":\"AMZHO\",\"description\":\"Professional Lighting Lift System Manufacturer\",\"potentialAction\":[{\"@type\":\"SearchAction\",\"target\":{\"@type\":\"EntryPoint\",\"urlTemplate\":\"https:\\\/\\\/lightlifter.com\\\/?s={search_term_string}\"},\"query-input\":{\"@type\":\"PropertyValueSpecification\",\"valueRequired\":true,\"valueName\":\"search_term_string\"}}],\"inLanguage\":\"tr\"}]}<\/script>\n<!-- \/ Yoast SEO plugin. -->","yoast_head_json":{"title":"\u00d6zel Motorlu Ayd\u0131nlatma Kald\u0131rma Sistemi","description":"AMZHO, ayarlanabilir kald\u0131rma y\u00fcksekli\u011fi, kontrol y\u00f6ntemleri, tek veya \u00e7ift halat se\u00e7enekleri de dahil olmak \u00fczere, istikrar ve g\u00fcvenli\u011fi sa\u011flayan \u00f6zelle\u015ftirilmi\u015f ayd\u0131nlatma vinci hizmetleri sunmaktad\u0131r.","robots":{"index":"index","follow":"follow","max-snippet":"max-snippet:-1","max-image-preview":"max-image-preview:large","max-video-preview":"max-video-preview:-1"},"canonical":"https:\/\/lightlifter.com\/tr\/product\/ozel-motorlu-aydinlatma-kaldirma-sistemi\/","og_locale":"tr_TR","og_type":"article","og_title":"Custom Motorized Lighting Hoist System","og_description":"AMZHO provides customized lighting hoist services, including adjustable lifting height, control methods, single or double rope options, ensuring stability and safety.","og_url":"https:\/\/lightlifter.com\/tr\/product\/ozel-motorlu-aydinlatma-kaldirma-sistemi\/","og_site_name":"AMZHO","article_modified_time":"2026-01-30T10:28:31+00:00","og_image":[{"width":700,"height":700,"url":"https:\/\/lightlifter.com\/wp-content\/uploads\/2026\/01\/lighting-hoist.webp","type":"image\/webp"}],"twitter_card":"summary_large_image","twitter_misc":{"Tahmini okuma s\u00fcresi":"1 dakika"},"schema":{"@context":"https:\/\/schema.org","@graph":[{"@type":"WebPage","@id":"https:\/\/lightlifter.com\/product\/custom-motorized-lighting-hoist-system\/","url":"https:\/\/lightlifter.com\/product\/custom-motorized-lighting-hoist-system\/","name":"\u00d6zel Motorlu Ayd\u0131nlatma Kald\u0131rma Sistemi","isPartOf":{"@id":"https:\/\/lightlifter.com\/#website"},"primaryImageOfPage":{"@id":"https:\/\/lightlifter.com\/product\/custom-motorized-lighting-hoist-system\/#primaryimage"},"image":{"@id":"https:\/\/lightlifter.com\/product\/custom-motorized-lighting-hoist-system\/#primaryimage"},"thumbnailUrl":"https:\/\/lightlifter.com\/wp-content\/uploads\/2026\/01\/lighting-hoist.webp","datePublished":"2026-01-30T03:14:13+00:00","dateModified":"2026-01-30T10:28:31+00:00","description":"AMZHO, ayarlanabilir kald\u0131rma y\u00fcksekli\u011fi, kontrol y\u00f6ntemleri, tek veya \u00e7ift halat se\u00e7enekleri de dahil olmak \u00fczere, istikrar ve g\u00fcvenli\u011fi sa\u011flayan \u00f6zelle\u015ftirilmi\u015f ayd\u0131nlatma vinci hizmetleri sunmaktad\u0131r.","breadcrumb":{"@id":"https:\/\/lightlifter.com\/product\/custom-motorized-lighting-hoist-system\/#breadcrumb"},"inLanguage":"tr","potentialAction":[{"@type":"ReadAction","target":["https:\/\/lightlifter.com\/product\/custom-motorized-lighting-hoist-system\/"]}]},{"@type":"ImageObject","inLanguage":"tr","@id":"https:\/\/lightlifter.com\/product\/custom-motorized-lighting-hoist-system\/#primaryimage","url":"https:\/\/lightlifter.com\/wp-content\/uploads\/2026\/01\/lighting-hoist.webp","contentUrl":"https:\/\/lightlifter.com\/wp-content\/uploads\/2026\/01\/lighting-hoist.webp","width":700,"height":700,"caption":"lighting hoist"},{"@type":"BreadcrumbList","@id":"https:\/\/lightlifter.com\/product\/custom-motorized-lighting-hoist-system\/#breadcrumb","itemListElement":[{"@type":"ListItem","position":1,"name":"Home","item":"https:\/\/lightlifter.com\/"},{"@type":"ListItem","position":2,"name":"Shop","item":"https:\/\/lightlifter.com\/shop\/"},{"@type":"ListItem","position":3,"name":"Custom Motorized Lighting Hoist System"}]},{"@type":"WebSite","@id":"https:\/\/lightlifter.com\/#website","url":"https:\/\/lightlifter.com\/","name":"AMZHO","description":"Profesyonel Ayd\u0131nlatma Kald\u0131rma Sistemi \u00dcreticisi","potentialAction":[{"@type":"SearchAction","target":{"@type":"EntryPoint","urlTemplate":"https:\/\/lightlifter.com\/?s={search_term_string}"},"query-input":{"@type":"PropertyValueSpecification","valueRequired":true,"valueName":"search_term_string"}}],"inLanguage":"tr"}]}},"_links":{"self":[{"href":"https:\/\/lightlifter.com\/tr\/wp-json\/wp\/v2\/product\/1748","targetHints":{"allow":["GET"]}}],"collection":[{"href":"https:\/\/lightlifter.com\/tr\/wp-json\/wp\/v2\/product"}],"about":[{"href":"https:\/\/lightlifter.com\/tr\/wp-json\/wp\/v2\/types\/product"}],"wp:featuredmedia":[{"embeddable":true,"href":"https:\/\/lightlifter.com\/tr\/wp-json\/wp\/v2\/media\/1752"}],"wp:attachment":[{"href":"https:\/\/lightlifter.com\/tr\/wp-json\/wp\/v2\/media?parent=1748"}],"wp:term":[{"taxonomy":"product_brand","embeddable":true,"href":"https:\/\/lightlifter.com\/tr\/wp-json\/wp\/v2\/product_brand?post=1748"},{"taxonomy":"product_cat","embeddable":true,"href":"https:\/\/lightlifter.com\/tr\/wp-json\/wp\/v2\/product_cat?post=1748"},{"taxonomy":"product_tag","embeddable":true,"href":"https:\/\/lightlifter.com\/tr\/wp-json\/wp\/v2\/product_tag?post=1748"}],"curies":[{"name":"wp","href":"https:\/\/api.w.org\/{rel}","templated":true}]}}